{"id":171,"date":"2022-01-31T14:06:44","date_gmt":"2022-01-31T13:06:44","guid":{"rendered":"https:\/\/milchdata.ch\/?page_id=171"},"modified":"2026-01-26T08:21:31","modified_gmt":"2026-01-26T07:21:31","slug":"milchdata-4-0","status":"publish","type":"page","link":"https:\/\/milchdata.ch\/?page_id=171","title":{"rendered":"MilchData 4.0"},"content":{"rendered":"<h1 style=\"text-align: left;\">MilchData 4.0<\/h1>\n<p style=\"text-align: left;\">Das MilchData ist eine professionelle Software f\u00fcr die Milchabrechnung f\u00fcr K\u00e4sereien und Molkereien. Die Software enth\u00e4lt ein einmaliges Qualit\u00e4tssystem, welches auf verschiedene Qualit\u00e4tsmerkmale konfiguriert werden kann. Das Qualit\u00e4tssystem erf\u00fcllt die Qualit\u00e4tsanforderungen der IPG f\u00fcr die Produktion von Gruy\u00e8re AOP und weiteren K\u00e4seorganisationen.<\/p>\n<p style=\"text-align: left;\"><img loading=\"lazy\" decoding=\"async\" class=\"wp-image-174 size-full aligncenter\" src=\"https:\/\/milchdata.ch\/wp-content\/uploads\/2022\/01\/Titelbild-e1769411867880.jpg\" alt=\"\" width=\"1106\" height=\"503\" srcset=\"https:\/\/milchdata.ch\/wp-content\/uploads\/2022\/01\/Titelbild-e1769411867880.jpg 1106w, https:\/\/milchdata.ch\/wp-content\/uploads\/2022\/01\/Titelbild-e1769411867880-300x136.jpg 300w, https:\/\/milchdata.ch\/wp-content\/uploads\/2022\/01\/Titelbild-e1769411867880-1024x466.jpg 1024w, https:\/\/milchdata.ch\/wp-content\/uploads\/2022\/01\/Titelbild-e1769411867880-768x349.jpg 768w\" sizes=\"auto, (max-width: 1106px) 100vw, 1106px\" \/><\/p>\n<p style=\"text-align: left;\">Die Version 4.0 vom MilchData ist Modular aufgebaut. Das Grundmodul enth\u00e4lt alle Funktionen, welche f\u00fcr eine Milchabrechnung notwendig sind. Weiter Funktionalit\u00e4ten oder Import- und Export- Module k\u00f6nnen nach Bedarf aktiviert werden. Die einfache und \u00fcbersichtliche Anordnung der Funktionen erm\u00f6glicht eine intuitive Bedienung der Applikation.<\/p>\n<p>&nbsp;<\/p>\n<p style=\"text-align: left;\"><a href=\"https:\/\/milchdata.ch\/wp-content\/uploads\/2022\/01\/Produzenten_Detail.jpg\" target=\"_blank\" rel=\"noopener\"><img loading=\"lazy\" decoding=\"async\" class=\"aligncenter wp-image-179 size-large\" src=\"https:\/\/milchdata.ch\/wp-content\/uploads\/2022\/01\/Produzenten_Detail-1024x665.jpg\" alt=\"\" width=\"1024\" height=\"665\" srcset=\"https:\/\/milchdata.ch\/wp-content\/uploads\/2022\/01\/Produzenten_Detail-1024x665.jpg 1024w, https:\/\/milchdata.ch\/wp-content\/uploads\/2022\/01\/Produzenten_Detail-300x195.jpg 300w, https:\/\/milchdata.ch\/wp-content\/uploads\/2022\/01\/Produzenten_Detail-768x499.jpg 768w, https:\/\/milchdata.ch\/wp-content\/uploads\/2022\/01\/Produzenten_Detail.jpg 1083w\" sizes=\"auto, (max-width: 1024px) 100vw, 1024px\" \/><\/a> In der Produzenten- Verwaltung k\u00f6nnen alle wichtige Daten des Produzenten bearbeitet werden. Pflichtfelder werden markiert, welches die Erfassung der korrekten Daten unterst\u00fctzt. Bei Eingabe der Bankdaten, gen\u00fcgt es die IBAN Nummer einzutragen und schliessend auf die Schaltfl\u00e4che &#8222;Bank suchen&#8220; anklicken und schon werden die entsprechende Bank mit Ihren Filialen aufgelistet und man kann die korrekte Filiale auslesen. Wenn die Funktion E-Mail Versand aktiviert ist, werden die Abrechnungen direkt an den Produzenten per E-Mail als PDF zugestellt.<\/p>\n<p>&nbsp;<\/p>\n<p style=\"text-align: left;\"><a href=\"https:\/\/milchdata.ch\/wp-content\/uploads\/2022\/01\/Kontingente.jpg\" target=\"_blank\" rel=\"noopener\"><img loading=\"lazy\" decoding=\"async\" class=\"aligncenter wp-image-181 size-large\" src=\"https:\/\/milchdata.ch\/wp-content\/uploads\/2022\/01\/Kontingente-1024x567.jpg\" alt=\"\" width=\"1024\" height=\"567\" srcset=\"https:\/\/milchdata.ch\/wp-content\/uploads\/2022\/01\/Kontingente-1024x567.jpg 1024w, https:\/\/milchdata.ch\/wp-content\/uploads\/2022\/01\/Kontingente-300x166.jpg 300w, https:\/\/milchdata.ch\/wp-content\/uploads\/2022\/01\/Kontingente-768x425.jpg 768w, https:\/\/milchdata.ch\/wp-content\/uploads\/2022\/01\/Kontingente.jpg 1078w\" sizes=\"auto, (max-width: 1024px) 100vw, 1024px\" \/><\/a> Es k\u00f6nnen beliebig viele Kontingente definiert werden. F\u00fcr jedes Kontingent kann der Milchpreis und die Qualit\u00e4tsmerkmale individuell definiert werden. Die Kontingente k\u00f6nnen den Produzenten unterschiedlich zugewiesen werden.<\/p>\n<p>&nbsp;<\/p>\n<p style=\"text-align: left;\"><a href=\"https:\/\/milchdata.ch\/wp-content\/uploads\/2022\/01\/Qualitaet_System.jpg\" target=\"_blank\" rel=\"noopener\"><img loading=\"lazy\" decoding=\"async\" class=\"aligncenter wp-image-183 size-large\" src=\"https:\/\/milchdata.ch\/wp-content\/uploads\/2022\/01\/Qualitaet_System-1024x638.jpg\" alt=\"\" width=\"1024\" height=\"638\" srcset=\"https:\/\/milchdata.ch\/wp-content\/uploads\/2022\/01\/Qualitaet_System-1024x638.jpg 1024w, https:\/\/milchdata.ch\/wp-content\/uploads\/2022\/01\/Qualitaet_System-300x187.jpg 300w, https:\/\/milchdata.ch\/wp-content\/uploads\/2022\/01\/Qualitaet_System-768x479.jpg 768w, https:\/\/milchdata.ch\/wp-content\/uploads\/2022\/01\/Qualitaet_System.jpg 1112w\" sizes=\"auto, (max-width: 1024px) 100vw, 1024px\" \/><\/a>Das Qualit\u00e4tssystem kann beliebig viele Elemente haben. Bei Jeden Qualit\u00e4ts- Element kann eine Werte Tabelle und eine Beanstandungstabelle mit den Zuschl\u00e4gen und Abz\u00fcgen definiert werden. Durch bilden von Gruppen k\u00f6nnen auch Gruppenzuschl\u00e4ge auf Qualit\u00e4tselementen definiert werden. Das Qualit\u00e4tssystem kann f\u00fcr alle K\u00e4se- Sorten definiert werden.<\/p>\n<p>&nbsp;<\/p>\n<p style=\"text-align: left;\"><a href=\"https:\/\/milchdata.ch\/wp-content\/uploads\/2022\/01\/Milchabrechnung.jpg\" target=\"_blank\" rel=\"noopener\"><img loading=\"lazy\" decoding=\"async\" class=\"aligncenter wp-image-185 size-large\" src=\"https:\/\/milchdata.ch\/wp-content\/uploads\/2022\/01\/Milchabrechnung-1024x688.jpg\" alt=\"\" width=\"1024\" height=\"688\" srcset=\"https:\/\/milchdata.ch\/wp-content\/uploads\/2022\/01\/Milchabrechnung-1024x688.jpg 1024w, https:\/\/milchdata.ch\/wp-content\/uploads\/2022\/01\/Milchabrechnung-300x202.jpg 300w, https:\/\/milchdata.ch\/wp-content\/uploads\/2022\/01\/Milchabrechnung-768x516.jpg 768w, https:\/\/milchdata.ch\/wp-content\/uploads\/2022\/01\/Milchabrechnung.jpg 1031w\" sizes=\"auto, (max-width: 1024px) 100vw, 1024px\" \/><\/a>Die Milchabrechnung erfolgt automatisch f\u00fcr alle Produzenten in einem Prozess. Zuerst werden alle Daten wie Produzentendaten, Milchlieferungen, Qualit\u00e4tsdaten, Milchmengenverteilung usw. gepr\u00fcft. Fehlende oder unkorrekte Daten werden nach der Pr\u00fcfung in einer Liste angezeigt. Es wird unterschieden zwischen Warnungen (z.B. fehlende Milchlieferung) oder Fehler (z.B. fehlender Fett- oder Eiweiss- Wert). Wenn keine Fehler mehr vorhanden sind, beginnt der Druckvorschau Prozess. Alle Dokumente werden als PDF Dokumente erstellt und angezeigt. Nach der Kontrolle der Dokumente, kann der definitive Druck gestartet werden. Im definitiven Druck Prozess werden am Schluss noch die XML- Zahlungsdatei f\u00fcr das e-Banking, die Milchmengenliste f\u00fcr die DBMILCH erstellt. Falls der E-Mail Versand aktiviert ist, werden alle Abrechnungen an die Produzenten per E-Mail versendet.<\/p>\n<p>&nbsp;<\/p>\n<h2 style=\"text-align: left;\">Weitere Funktionen<\/h2>\n<ul style=\"text-align: left;\">\n<li>Milchlieferungen erfassen in einer Tabelle oder direkt pro Produktionstag<\/li>\n<li>Kontrolle der Milchlieferungen, sowie hervorheben von Lieferungen, welche fehlen oder eine zu grosse Abweichung vom Durschnitt haben<\/li>\n<li>Qualit\u00e4tsdaten Erfassung manuell oder mit Unterst\u00fctzung durch verschiedene Importformate<\/li>\n<li>Kontrolle der Qualit\u00e4tsdaten am Bildschirm und visuelles Dartstellen von Abz\u00fcgen<\/li>\n<li>Milchmengen- Verteilung pro Produzenten auf die zugeiwesen Kontingente. Die Zuweisung auf die Kontingente kann manuell oder mit Hilfe von verschiedenen Methoden (z.B. Restmenge- oder pro Rata- Verteilung) ausgef\u00fchrt werden<\/li>\n<li>Gutschriften und Nachbelastungen vom aktuellen oder vergangenen Monaten k\u00f6nnen global oder f\u00fcr einzelne Produzenten erstellt werden<\/li>\n<li>Mit dem Milchmengen Rapport werden die Milchlieferungen pro Produktionstag in eine Excel Liste exportiert, damit der TSM Rapport erstellt werden kann<\/li>\n<li>Die Gehhaltstabelle kann frei definiert werden. Auch die Berechnung vom Gehaltswert kann frei eingestellt werden (z.B. 2x Eiweiss und 1x Fett)<\/li>\n<li>Zusammenstellung f\u00fcr die Buchhaltung (Treuh\u00e4ndler)<\/li>\n<li>Statistik Milchmengen und Kontingente<\/li>\n<\/ul>\n<h2 style=\"text-align: left;\">Zus\u00e4tzliche Module\/Funktionen<\/h2>\n<ul>\n<li style=\"text-align: left;\">Landemengen Zuschlag Berechnung<\/li>\n<li style=\"text-align: left;\">Schnittstelle zu Milchannahme- System oder MilchWaage<\/li>\n<li style=\"text-align: left;\">Qualit\u00e4tskontrolle vom Fettwert. Berechnung des fehlendes Fettgehalts in der Milch<\/li>\n<li style=\"text-align: left;\">Importfunktion f\u00fcr die Analysedaten Labor Grangeneuve, DBMILCH<\/li>\n<li style=\"text-align: left;\">Importfunktion\u00a0 f\u00fcr diverse Milchlieferungen (z.B. Rolli- Transport, Ultrakust, STF, Busch, Mettler Toledo usw.)<\/li>\n<li style=\"text-align: left;\">E-Mail Versand der Abrechnungen inkl. Zusammenstellung f\u00fcr Buchhalter (Treuh\u00e4ndler)<\/li>\n<li style=\"text-align: left;\">Master\/Slave Funktion mit zwei MilchData Programmen<\/li>\n<li style=\"text-align: left;\">Datenspeicherung auf NAS (Netzwerk), Mehrfach Zugriff von verschiedenen Computern<\/li>\n<li style=\"text-align: left;\">TSM Rapport erstellen (in Vorbereitung)<\/li>\n<\/ul>\n","protected":false},"excerpt":{"rendered":"<p>MilchData 4.0 Das MilchData ist eine professionelle Software f\u00fcr die Milchabrechnung f\u00fcr K\u00e4sereien und Molkereien. Die Software enth\u00e4lt ein einmaliges Qualit\u00e4tssystem, welches auf verschiedene Qualit\u00e4tsmerkmale konfiguriert werden kann. Das Qualit\u00e4tssystem erf\u00fcllt die Qualit\u00e4tsanforderungen der IPG f\u00fcr die Produktion von Gruy\u00e8re AOP und weiteren K\u00e4seorganisationen. Die Version 4.0 vom MilchData ist Modular aufgebaut. Das Grundmodul enth\u00e4lt&hellip; <br \/> <a class=\"read-more\" href=\"https:\/\/milchdata.ch\/?page_id=171\">Weiterlesen<\/a><\/p>\n","protected":false},"author":1,"featured_media":174,"parent":0,"menu_order":0,"comment_status":"closed","ping_status":"closed","template":"","meta":{"footnotes":""},"class_list":["post-171","page","type-page","status-publish","has-post-thumbnail","hentry"],"_links":{"self":[{"href":"https:\/\/milchdata.ch\/index.php?rest_route=\/wp\/v2\/pages\/171","targetHints":{"allow":["GET"]}}],"collection":[{"href":"https:\/\/milchdata.ch\/index.php?rest_route=\/wp\/v2\/pages"}],"about":[{"href":"https:\/\/milchdata.ch\/index.php?rest_route=\/wp\/v2\/types\/page"}],"author":[{"embeddable":true,"href":"https:\/\/milchdata.ch\/index.php?rest_route=\/wp\/v2\/users\/1"}],"replies":[{"embeddable":true,"href":"https:\/\/milchdata.ch\/index.php?rest_route=%2Fwp%2Fv2%2Fcomments&post=171"}],"version-history":[{"count":17,"href":"https:\/\/milchdata.ch\/index.php?rest_route=\/wp\/v2\/pages\/171\/revisions"}],"predecessor-version":[{"id":216,"href":"https:\/\/milchdata.ch\/index.php?rest_route=\/wp\/v2\/pages\/171\/revisions\/216"}],"wp:featuredmedia":[{"embeddable":true,"href":"https:\/\/milchdata.ch\/index.php?rest_route=\/wp\/v2\/media\/174"}],"wp:attachment":[{"href":"https:\/\/milchdata.ch\/index.php?rest_route=%2Fwp%2Fv2%2Fmedia&parent=171"}],"curies":[{"name":"wp","href":"https:\/\/api.w.org\/{rel}","templated":true}]}}